{"id":1770,"date":"2026-03-03T11:52:37","date_gmt":"2026-03-03T11:52:37","guid":{"rendered":"https:\/\/warkdiva.nl\/?page_id=1770"},"modified":"2026-03-03T12:47:22","modified_gmt":"2026-03-03T12:47:22","slug":"elementor-pagina-1770","status":"publish","type":"page","link":"https:\/\/warkdiva.nl\/?page_id=1770","title":{"rendered":"Ben"},"content":{"rendered":"\t\t<div data-elementor-type=\"wp-page\" data-elementor-id=\"1770\" class=\"elementor elementor-1770\">\n\t\t\t\t<div class=\"elementor-element elementor-element-1f24197 e-flex e-con-boxed e-con e-parent\" data-id=\"1f24197\" data-element_type=\"container\" data-e-type=\"container\">\n\t\t\t\t\t<div class=\"e-con-inner\">\n\t\t\t\t\t<\/div>\n\t\t\t\t<\/div>\n\t\t<div class=\"elementor-element elementor-element-93dad08 e-flex e-con-boxed e-con e-parent\" data-id=\"93dad08\" data-element_type=\"container\" data-e-type=\"container\">\n\t\t\t\t\t<div class=\"e-con-inner\">\n\t\t\t\t<div class=\"elementor-element elementor-element-30a9722 elementor-widget elementor-widget-heading\" data-id=\"30a9722\" data-element_type=\"widget\" data-e-type=\"widget\" data-widget_type=\"heading.default\">\n\t\t\t\t<div class=\"elementor-widget-container\">\n\t\t\t\t\t<h2 class=\"elementor-heading-title elementor-size-default\">Ben<\/h2>\t\t\t\t<\/div>\n\t\t\t\t<\/div>\n\t\t\t\t\t<\/div>\n\t\t\t\t<\/div>\n\t\t<div class=\"elementor-element elementor-element-77e7574 e-flex e-con-boxed e-con e-parent\" data-id=\"77e7574\" data-element_type=\"container\" data-e-type=\"container\">\n\t\t\t\t\t<div class=\"e-con-inner\">\n\t\t<div class=\"elementor-element elementor-element-4f3ff6d e-con-full e-flex e-con e-child\" data-id=\"4f3ff6d\" data-element_type=\"container\" data-e-type=\"container\">\n\t\t\t\t<div class=\"elementor-element elementor-element-6b36fc1 elementor-widget__width-initial elementor-widget elementor-widget-image\" data-id=\"6b36fc1\" data-element_type=\"widget\" data-e-type=\"widget\" data-widget_type=\"image.default\">\n\t\t\t\t<div class=\"elementor-widget-container\">\n\t\t\t\t\t\t\t\t\t\t\t\t\t\t\t<img fetchpriority=\"high\" decoding=\"async\" width=\"300\" height=\"239\" src=\"https:\/\/warkdiva.nl\/wp-content\/uploads\/2026\/03\/f50ee3f5-8d50-42bb-91f6-98e905e5cd80-300x239.jpg\" class=\"attachment-medium size-medium wp-image-1762\" alt=\"\" srcset=\"https:\/\/warkdiva.nl\/wp-content\/uploads\/2026\/03\/f50ee3f5-8d50-42bb-91f6-98e905e5cd80-300x239.jpg 300w, https:\/\/warkdiva.nl\/wp-content\/uploads\/2026\/03\/f50ee3f5-8d50-42bb-91f6-98e905e5cd80-1024x815.jpg 1024w, https:\/\/warkdiva.nl\/wp-content\/uploads\/2026\/03\/f50ee3f5-8d50-42bb-91f6-98e905e5cd80-768x611.jpg 768w, https:\/\/warkdiva.nl\/wp-content\/uploads\/2026\/03\/f50ee3f5-8d50-42bb-91f6-98e905e5cd80-1536x1222.jpg 1536w, https:\/\/warkdiva.nl\/wp-content\/uploads\/2026\/03\/f50ee3f5-8d50-42bb-91f6-98e905e5cd80-2048x1629.jpg 2048w\" sizes=\"(max-width: 300px) 100vw, 300px\" \/>\t\t\t\t\t\t\t\t\t\t\t\t\t\t\t<\/div>\n\t\t\t\t<\/div>\n\t\t\t\t<\/div>\n\t\t<div class=\"elementor-element elementor-element-fd1677b e-con-full e-flex e-con e-child\" data-id=\"fd1677b\" data-element_type=\"container\" data-e-type=\"container\">\n\t\t\t\t<div class=\"elementor-element elementor-element-cd83166 elementor-widget elementor-widget-text-editor\" data-id=\"cd83166\" data-element_type=\"widget\" data-e-type=\"widget\" data-widget_type=\"text-editor.default\">\n\t\t\t\t<div class=\"elementor-widget-container\">\n\t\t\t\t\t\t\t\t\t<div style=\"border: 0px; font-variant-numeric: inherit; font-variant-east-asian: inherit; font-variant-alternates: inherit; font-variant-position: inherit; font-variant-emoji: inherit; font-stretch: inherit; font-size: 12pt; line-height: inherit; font-family: Aptos, Aptos_EmbeddedFont, Aptos_MSFontService, Calibri, Helvetica, sans-serif; font-optical-sizing: inherit; font-size-adjust: inherit; font-kerning: inherit; font-feature-settings: inherit; font-variation-settings: inherit; font-language-override: inherit; margin: 1em 0px; padding: 0px; vertical-align: baseline;\" data-olk-copy-source=\"MessageBody\">Ik ben Ben, 18 jaar en tweedejaars student Sociaal Werk.<\/div><div style=\"border: 0px; font-variant-numeric: inherit; font-variant-east-asian: inherit; font-variant-alternates: inherit; font-variant-position: inherit; font-variant-emoji: inherit; font-stretch: inherit; font-size: 12pt; line-height: inherit; font-family: Aptos, Aptos_EmbeddedFont, Aptos_MSFontService, Calibri, Helvetica, sans-serif; font-optical-sizing: inherit; font-size-adjust: inherit; font-kerning: inherit; font-feature-settings: inherit; font-variation-settings: inherit; font-language-override: inherit; margin: 1em 0px; padding: 0px; vertical-align: baseline;\">Ik heb voor mijn stage mee gedaan bij Wakdiva. Voor dit project gingen we actief op pad: flyers uitdelen, langs de deuren en bewoners persoonlijk uitnodigen. Daarna hielp ik met het voorbereiden en geven van een presentatie in een verzorgingshuis van Sensire over digitale veiligheid.<\/div><div style=\"border: 0px; font-variant-numeric: inherit; font-variant-east-asian: inherit; font-variant-alternates: inherit; font-variant-position: inherit; font-variant-emoji: inherit; font-stretch: inherit; font-size: 12pt; line-height: inherit; font-family: Aptos, Aptos_EmbeddedFont, Aptos_MSFontService, Calibri, Helvetica, sans-serif; font-optical-sizing: inherit; font-size-adjust: inherit; font-kerning: inherit; font-feature-settings: inherit; font-variation-settings: inherit; font-language-override: inherit; margin: 1em 0px; padding: 0px; vertical-align: baseline;\">Veel ouderen twijfelen bij e-mails of weten niet hoe ze instellingen moeten aanpassen. Na de presentatie hielp ik hen \u00e9\u00e9n-op-\u00e9\u00e9n met hun telefoon, laptop of iPad.<\/div><div style=\"border: 0px; font-variant-numeric: inherit; font-variant-east-asian: inherit; font-variant-alternates: inherit; font-variant-position: inherit; font-variant-emoji: inherit; font-stretch: inherit; font-size: 12pt; line-height: inherit; font-family: Aptos, Aptos_EmbeddedFont, Aptos_MSFontService, Calibri, Helvetica, sans-serif; font-optical-sizing: inherit; font-size-adjust: inherit; font-kerning: inherit; font-feature-settings: inherit; font-variation-settings: inherit; font-language-override: inherit; margin: 1em 0px; padding: 0px; vertical-align: baseline;\">Het mooiste? Het persoonlijke contact.<br \/>Ik heb mijn presentatievaardigheden verbeterd \u00e9n geleerd hoe belangrijk het is om echt in gesprek te gaan.<\/div>\t\t\t\t\t\t\t\t<\/div>\n\t\t\t\t<\/div>\n\t\t\t\t<\/div>\n\t\t\t\t\t<\/div>\n\t\t\t\t<\/div>\n\t\t<div class=\"elementor-element elementor-element-6344cb3 e-flex e-con-boxed e-con e-parent\" data-id=\"6344cb3\" data-element_type=\"container\" data-e-type=\"container\">\n\t\t\t\t\t<div class=\"e-con-inner\">\n\t\t\t\t\t<\/div>\n\t\t\t\t<\/div>\n\t\t\t\t<\/div>\n\t\t","protected":false},"excerpt":{"rendered":"<p>Ben Ik ben Ben, 18 jaar en tweedejaars student Sociaal Werk.Ik heb voor mijn stage mee gedaan bij Wakdiva. Voor dit project gingen we actief op pad: flyers uitdelen, langs de deuren en bewoners persoonlijk uitnodigen. Daarna hielp ik met het voorbereiden en geven van een presentatie in een verzorgingshuis van Sensire over digitale veiligheid.Veel [&hellip;]<\/p>\n","protected":false},"author":1,"featured_media":0,"parent":0,"menu_order":0,"comment_status":"closed","ping_status":"closed","template":"","meta":{"footnotes":""},"class_list":["post-1770","page","type-page","status-publish","hentry"],"blocksy_meta":[],"_links":{"self":[{"href":"https:\/\/warkdiva.nl\/index.php?rest_route=\/wp\/v2\/pages\/1770","targetHints":{"allow":["GET"]}}],"collection":[{"href":"https:\/\/warkdiva.nl\/index.php?rest_route=\/wp\/v2\/pages"}],"about":[{"href":"https:\/\/warkdiva.nl\/index.php?rest_route=\/wp\/v2\/types\/page"}],"author":[{"embeddable":true,"href":"https:\/\/warkdiva.nl\/index.php?rest_route=\/wp\/v2\/users\/1"}],"replies":[{"embeddable":true,"href":"https:\/\/warkdiva.nl\/index.php?rest_route=%2Fwp%2Fv2%2Fcomments&post=1770"}],"version-history":[{"count":11,"href":"https:\/\/warkdiva.nl\/index.php?rest_route=\/wp\/v2\/pages\/1770\/revisions"}],"predecessor-version":[{"id":1823,"href":"https:\/\/warkdiva.nl\/index.php?rest_route=\/wp\/v2\/pages\/1770\/revisions\/1823"}],"wp:attachment":[{"href":"https:\/\/warkdiva.nl\/index.php?rest_route=%2Fwp%2Fv2%2Fmedia&parent=1770"}],"curies":[{"name":"wp","href":"https:\/\/api.w.org\/{rel}","templated":true}]}}